{"id":629,"date":"2024-05-06T12:53:05","date_gmt":"2024-05-06T10:53:05","guid":{"rendered":"https:\/\/rclims.com\/?page_id=629"},"modified":"2024-05-06T12:54:31","modified_gmt":"2024-05-06T10:54:31","slug":"pays-de-gex","status":"publish","type":"page","link":"https:\/\/rclims.com\/?page_id=629","title":{"rendered":"Pays de Gex"},"content":{"rendered":"<style>.elementor-629 .elementor-element.elementor-element-9ab35ef:not(.elementor-motion-effects-element-type-background), .elementor-629 .elementor-element.elementor-element-9ab35ef > .elementor-motion-effects-container > .elementor-motion-effects-layer{background-image:url(\"https:\/\/rclims.com\/wp-content\/uploads\/2024\/03\/air-conditioner-repair-high-quality-photo-about-a-2023-04-18-00-07-28-utc.jpg\");background-position:center center;background-size:cover;}.elementor-629 .elementor-element.elementor-element-9ab35ef > .elementor-background-overlay{background-color:transparent;background-image:linear-gradient(168deg, var( --e-global-color-primary ) 0%, var( --e-global-color-accent ) 100%);opacity:0.85;transition:background 0.3s, border-radius 0.3s, opacity 0.3s;}.elementor-629 .elementor-element.elementor-element-9ab35ef{transition:background 0.3s, border 0.3s, border-radius 0.3s, box-shadow 0.3s;margin-top:0px;margin-bottom:0px;padding:100px 0px 100px 0px;}.elementor-629 .elementor-element.elementor-element-1de3a90 > .elementor-element-populated{margin:0px 0px 0px 0px;--e-column-margin-right:0px;--e-column-margin-left:0px;padding:0px 0px 0px 0px;}.elementor-629 .elementor-element.elementor-element-9cb1ca3{text-align:center;}.elementor-629 .elementor-element.elementor-element-9cb1ca3 .elementor-heading-title{font-size:2em;color:var( --e-global-color-3b08d23 );}.elementor-629 .elementor-element.elementor-element-4e8726b:not(.elementor-motion-effects-element-type-background), .elementor-629 .elementor-element.elementor-element-4e8726b > .elementor-motion-effects-container > .elementor-motion-effects-layer{background-image:url(\"https:\/\/rclims.com\/wp-content\/uploads\/2024\/03\/air-conditioner-repair-high-quality-photo-about-a-2023-04-18-00-07-28-utc.jpg\");background-position:center center;background-size:cover;}.elementor-629 .elementor-element.elementor-element-4e8726b > .elementor-background-overlay{background-color:transparent;background-image:linear-gradient(168deg, var( --e-global-color-primary ) 0%, var( --e-global-color-accent ) 100%);opacity:0.85;transition:background 0.3s, border-radius 0.3s, opacity 0.3s;}.elementor-629 .elementor-element.elementor-element-4e8726b{transition:background 0.3s, border 0.3s, border-radius 0.3s, box-shadow 0.3s;margin-top:0px;margin-bottom:0px;padding:50px 0px 50px 0px;}.elementor-629 .elementor-element.elementor-element-2e5e355{color:#FFFFFF;}.elementor-629 .elementor-element.elementor-element-9ddfb48.elementor-skin-slideshow .elementor-main-swiper:not(.elementor-thumbnails-swiper){margin-bottom:10px;}.elementor-629 .elementor-element.elementor-element-9ddfb48 .elementor-swiper-button{font-size:20px;}.elementor-629 .elementor-element.elementor-element-8da2daf > .elementor-element-populated{margin:0px 0px 0px 0px;--e-column-margin-right:0px;--e-column-margin-left:0px;padding:0px 0px 0px 0px;}.elementor-629 .elementor-element.elementor-element-dbb55a3{text-align:center;}.elementor-629 .elementor-element.elementor-element-dbb55a3 .elementor-heading-title{font-family:\"Ledger\", Sans-serif;font-style:italic;color:#FFFFFF;}.elementor-629 .elementor-element.elementor-element-089144b{--divider-border-style:solid;--divider-color:#F39200;--divider-border-width:4px;}.elementor-629 .elementor-element.elementor-element-089144b .elementor-divider-separator{width:100%;}.elementor-629 .elementor-element.elementor-element-089144b .elementor-divider{padding-block-start:15px;padding-block-end:15px;}.elementor-629 .elementor-element.elementor-element-d508b00 > .elementor-widget-container{margin:0px 0px -20px 0px;padding:0px 0px 0px 0px;}.elementor-629 .elementor-element.elementor-element-d508b00{text-align:center;color:#FFFFFF;}.elementor-629 .elementor-element.elementor-element-c847362{margin-top:30px;margin-bottom:0px;padding:0px 0px 0px 0px;}.elementor-629 .elementor-element.elementor-element-ac45b5e:not(.elementor-motion-effects-element-type-background) > .elementor-widget-wrap, .elementor-629 .elementor-element.elementor-element-ac45b5e > .elementor-widget-wrap > .elementor-motion-effects-container > .elementor-motion-effects-layer{background-color:#F39200;}.elementor-629 .elementor-element.elementor-element-ac45b5e > .elementor-element-populated, .elementor-629 .elementor-element.elementor-element-ac45b5e > .elementor-element-populated > .elementor-background-overlay, .elementor-629 .elementor-element.elementor-element-ac45b5e > .elementor-background-slideshow{border-radius:20px 20px 20px 20px;}.elementor-629 .elementor-element.elementor-element-ac45b5e > .elementor-element-populated{transition:background 0.3s, border 0.3s, border-radius 0.3s, box-shadow 0.3s;margin:0px 0px 0px 0px;--e-column-margin-right:0px;--e-column-margin-left:0px;padding:50px 50px 50px 50px;}.elementor-629 .elementor-element.elementor-element-ac45b5e > .elementor-element-populated > .elementor-background-overlay{transition:background 0.3s, border-radius 0.3s, opacity 0.3s;}.elementor-629 .elementor-element.elementor-element-b25aff0 .elementor-field-group{padding-right:calc( 10px\/2 );padding-left:calc( 10px\/2 );margin-bottom:10px;}.elementor-629 .elementor-element.elementor-element-b25aff0 .elementor-form-fields-wrapper{margin-left:calc( -10px\/2 );margin-right:calc( -10px\/2 );margin-bottom:-10px;}.elementor-629 .elementor-element.elementor-element-b25aff0 .elementor-field-group.recaptcha_v3-bottomleft, .elementor-629 .elementor-element.elementor-element-b25aff0 .elementor-field-group.recaptcha_v3-bottomright{margin-bottom:0;}body.rtl .elementor-629 .elementor-element.elementor-element-b25aff0 .elementor-labels-inline .elementor-field-group > label{padding-left:0px;}body:not(.rtl) .elementor-629 .elementor-element.elementor-element-b25aff0 .elementor-labels-inline .elementor-field-group > label{padding-right:0px;}body .elementor-629 .elementor-element.elementor-element-b25aff0 .elementor-labels-above .elementor-field-group > label{padding-bottom:0px;}.elementor-629 .elementor-element.elementor-element-b25aff0 .elementor-field-type-html{padding-bottom:0px;}.elementor-629 .elementor-element.elementor-element-b25aff0 .elementor-field-group .elementor-field:not(.elementor-select-wrapper){background-color:#ffffff;}.elementor-629 .elementor-element.elementor-element-b25aff0 .elementor-field-group .elementor-select-wrapper select{background-color:#ffffff;}.elementor-629 .elementor-element.elementor-element-b25aff0 .e-form__buttons__wrapper__button-next{color:#ffffff;}.elementor-629 .elementor-element.elementor-element-b25aff0 .elementor-button[type=\"submit\"]{color:#ffffff;}.elementor-629 .elementor-element.elementor-element-b25aff0 .elementor-button[type=\"submit\"] svg *{fill:#ffffff;}.elementor-629 .elementor-element.elementor-element-b25aff0 .e-form__buttons__wrapper__button-previous{color:#ffffff;}.elementor-629 .elementor-element.elementor-element-b25aff0 .e-form__buttons__wrapper__button-next:hover{color:#ffffff;}.elementor-629 .elementor-element.elementor-element-b25aff0 .elementor-button[type=\"submit\"]:hover{color:#ffffff;}.elementor-629 .elementor-element.elementor-element-b25aff0 .elementor-button[type=\"submit\"]:hover svg *{fill:#ffffff;}.elementor-629 .elementor-element.elementor-element-b25aff0 .e-form__buttons__wrapper__button-previous:hover{color:#ffffff;}.elementor-629 .elementor-element.elementor-element-b25aff0{--e-form-steps-indicators-spacing:20px;--e-form-steps-indicator-padding:30px;--e-form-steps-indicator-inactive-secondary-color:#ffffff;--e-form-steps-indicator-active-secondary-color:#ffffff;--e-form-steps-indicator-completed-secondary-color:#ffffff;--e-form-steps-divider-width:1px;--e-form-steps-divider-gap:10px;}@media(max-width:1024px){.elementor-629 .elementor-element.elementor-element-9ab35ef{padding:100px 30px 130px 30px;}.elementor-629 .elementor-element.elementor-element-4e8726b{padding:100px 30px 100px 30px;}.elementor-629 .elementor-element.elementor-element-9ddfb48.elementor-skin-slideshow .elementor-main-swiper:not(.elementor-thumbnails-swiper){margin-bottom:10px;}.elementor-629 .elementor-element.elementor-element-d508b00 > .elementor-widget-container{padding:0px 0px 0px 0px;}.elementor-bc-flex-widget .elementor-629 .elementor-element.elementor-element-ac45b5e.elementor-column .elementor-widget-wrap{align-items:center;}.elementor-629 .elementor-element.elementor-element-ac45b5e.elementor-column.elementor-element[data-element_type=\"column\"] > .elementor-widget-wrap.elementor-element-populated{align-content:center;align-items:center;}.elementor-629 .elementor-element.elementor-element-ac45b5e > .elementor-element-populated{margin:40px 0px 40px 0px;--e-column-margin-right:0px;--e-column-margin-left:0px;padding:50px 20px 50px 20px;}}@media(max-width:767px){.elementor-629 .elementor-element.elementor-element-9ab35ef{padding:100px 20px 130px 20px;}.elementor-629 .elementor-element.elementor-element-4e8726b{padding:50px 20px 50px 20px;}.elementor-629 .elementor-element.elementor-element-9ddfb48.elementor-skin-slideshow .elementor-main-swiper:not(.elementor-thumbnails-swiper){margin-bottom:10px;}.elementor-629 .elementor-element.elementor-element-dbb55a3{text-align:center;}.elementor-629 .elementor-element.elementor-element-089144b > .elementor-widget-container{margin:-20px 0px 0px 0px;}.elementor-629 .elementor-element.elementor-element-d508b00 > .elementor-widget-container{padding:0px 0px 0px 0px;}.elementor-629 .elementor-element.elementor-element-d508b00{text-align:center;}.elementor-629 .elementor-element.elementor-element-c847362{margin-top:0px;margin-bottom:0px;}.elementor-629 .elementor-element.elementor-element-ac45b5e > .elementor-element-populated{margin:0px 0px 0px 0px;--e-column-margin-right:0px;--e-column-margin-left:0px;}}<\/style>\t\t<div data-elementor-type=\"wp-page\" data-elementor-id=\"629\" class=\"elementor elementor-629\" data-elementor-post-type=\"page\">\n\t\t\t\t\t\t<section class=\"elementor-section elementor-top-section elementor-element elementor-element-9ab35ef elementor-section-boxed elementor-section-height-default elementor-section-height-default\" data-id=\"9ab35ef\" data-element_type=\"section\" data-settings=\"{&quot;background_background&quot;:&quot;classic&quot;}\">\n\t\t\t\t\t\t\t<div class=\"elementor-background-overlay\"><\/div>\n\t\t\t\t\t\t\t<div class=\"elementor-container elementor-column-gap-default\">\n\t\t\t\t\t<div class=\"elementor-column elementor-col-100 elementor-top-column elementor-element elementor-element-1de3a90\" data-id=\"1de3a90\" data-element_type=\"column\">\n\t\t\t<div class=\"elementor-widget-wrap elementor-element-populated\">\n\t\t\t\t\t\t\t<\/div>\n\t\t<\/div>\n\t\t\t\t\t<\/div>\n\t\t<\/section>\n\t\t\t\t<section class=\"elementor-section elementor-top-section elementor-element elementor-element-4e8726b elementor-section-boxed elementor-section-height-default elementor-section-height-default\" data-id=\"4e8726b\" data-element_type=\"section\" data-settings=\"{&quot;background_background&quot;:&quot;classic&quot;}\">\n\t\t\t\t\t\t\t<div class=\"elementor-background-overlay\"><\/div>\n\t\t\t\t\t\t\t<div class=\"elementor-container elementor-column-gap-default\">\n\t\t\t\t\t<div class=\"elementor-column elementor-col-50 elementor-top-column elementor-element elementor-element-2139d67\" data-id=\"2139d67\" data-element_type=\"column\">\n\t\t\t<div class=\"elementor-widget-wrap elementor-element-populated\">\n\t\t\t\t\t\t<div class=\"elementor-element elementor-element-2e5e355 animated-slow elementor-invisible elementor-widget elementor-widget-text-editor\" data-id=\"2e5e355\" data-element_type=\"widget\" data-settings=\"{&quot;_animation&quot;:&quot;fadeIn&quot;}\" data-widget_type=\"text-editor.default\">\n\t\t\t\t<div class=\"elementor-widget-container\">\n\t\t\t\t\t\t\t\t\t<p><strong>R&rsquo;CLIMS<\/strong> est votre <strong>expert en climatisation r\u00e9versible<\/strong>\u00a0au\u00a0<strong>Pays de Gex<\/strong>, offrant des services d&rsquo;<strong>installation<\/strong>, d&rsquo;<strong>entretien<\/strong> et de <strong>d\u00e9pannage<\/strong> de haute qualit\u00e9. Notre \u00e9quipe qualifi\u00e9e s&rsquo;engage \u00e0 fournir des solutions sur mesure pour r\u00e9pondre \u00e0 vos besoins en mati\u00e8re de <strong>chauffage<\/strong> et de <strong>rafra\u00eechissement<\/strong> tout au long de l&rsquo;ann\u00e9e. Faites confiance \u00e0 <strong>R&rsquo;CLIMS<\/strong> pour des <strong>syst\u00e8mes fiables<\/strong> et efficaces, garantissant votre confort dans votre maison ou votre entreprise.<\/p><p>\u00a0<\/p><p>Les avantages d&rsquo;une <strong>climatisation r\u00e9versible<\/strong> comprennent :<\/p><ul><li><strong>Polyvalence<\/strong> : <strong>Chauffage<\/strong> et <strong>rafra\u00eechissement<\/strong> en un seul syst\u00e8me.<\/li><li><strong>\u00c9conomies d&rsquo;\u00e9nergie<\/strong> : Permet de <strong>r\u00e9duire les co\u00fbts de chauffage et de climatisation<\/strong>.<\/li><li><strong>Confort optimal<\/strong> : <strong>R\u00e9gulation pr\u00e9cise<\/strong> de la temp\u00e9rature pour un environnement agr\u00e9able.<\/li><li><strong>Qualit\u00e9 de l&rsquo;air<\/strong> : <strong>Am\u00e9liore la qualit\u00e9 de l&rsquo;air<\/strong> int\u00e9rieur en <strong>filtrant<\/strong> les polluants et les allerg\u00e8nes.<\/li><\/ul><p>Profitez de la <a href=\"https:\/\/www.service-public.fr\/particuliers\/vosdroits\/F35584\">Prime CEE<\/a> afin de financer votre climatisation r\u00e9versible au<\/p>\t\t\t\t\t\t\t\t<\/div>\n\t\t\t\t<\/div>\n\t\t\t\t<div class=\"elementor-element elementor-element-9ddfb48 elementor-skin-carousel elementor-arrows-yes elementor-pagination-type-bullets elementor-pagination-position-outside elementor-widget elementor-widget-media-carousel\" data-id=\"9ddfb48\" data-element_type=\"widget\" data-settings=\"{&quot;skin&quot;:&quot;carousel&quot;,&quot;effect&quot;:&quot;slide&quot;,&quot;show_arrows&quot;:&quot;yes&quot;,&quot;pagination&quot;:&quot;bullets&quot;,&quot;speed&quot;:500,&quot;autoplay&quot;:&quot;yes&quot;,&quot;autoplay_speed&quot;:5000,&quot;loop&quot;:&quot;yes&quot;,&quot;pause_on_hover&quot;:&quot;yes&quot;,&quot;pause_on_interaction&quot;:&quot;yes&quot;,&quot;space_between&quot;:{&quot;unit&quot;:&quot;px&quot;,&quot;size&quot;:10,&quot;sizes&quot;:[]},&quot;space_between_tablet&quot;:{&quot;unit&quot;:&quot;px&quot;,&quot;size&quot;:10,&quot;sizes&quot;:[]},&quot;space_between_mobile&quot;:{&quot;unit&quot;:&quot;px&quot;,&quot;size&quot;:10,&quot;sizes&quot;:[]}}\" data-widget_type=\"media-carousel.default\">\n\t\t\t\t<div class=\"elementor-widget-container\">\n\t\t\t\t\t\t\t\t\t<div class=\"elementor-swiper\">\n\t\t\t\t\t<div class=\"elementor-main-swiper swiper\" role=\"region\" aria-roledescription=\"carousel\" aria-label=\"Diapositives\">\n\t\t\t\t<div class=\"swiper-wrapper\">\n\t\t\t\t\t\t\t\t\t\t\t<div class=\"swiper-slide\" role=\"group\" aria-roledescription=\"slide\">\n\t\t\t\t\t\t\t\t\t<div class=\"elementor-carousel-image\" role=\"img\" aria-label=\"WhatsApp Image 2024-04-03 at 13.34.42 (3)\" style=\"background-image: url(&#039;https:\/\/rclims.com\/wp-content\/uploads\/2024\/04\/WhatsApp-Image-2024-04-03-at-13.34.42-3.jpeg&#039;)\">\n\n\t\t\t\n\t\t\t\t\t<\/div>\n\t\t\t\t\t\t\t\t<\/div>\n\t\t\t\t\t\t\t\t\t\t\t<div class=\"swiper-slide\" role=\"group\" aria-roledescription=\"slide\">\n\t\t\t\t\t\t\t\t\t<div class=\"elementor-carousel-image\" role=\"img\" aria-label=\"WhatsApp Image 2024-04-03 at 13.33.34 (1)\" style=\"background-image: url(&#039;https:\/\/rclims.com\/wp-content\/uploads\/2024\/04\/WhatsApp-Image-2024-04-03-at-13.33.34-1.jpeg&#039;)\">\n\n\t\t\t\n\t\t\t\t\t<\/div>\n\t\t\t\t\t\t\t\t<\/div>\n\t\t\t\t\t\t\t\t\t\t\t<div class=\"swiper-slide\" role=\"group\" aria-roledescription=\"slide\">\n\t\t\t\t\t\t\t\t\t<div class=\"elementor-carousel-image\" role=\"img\" aria-label=\"WhatsApp Image 2024-04-03 at 13.33.34 (3)\" style=\"background-image: url(&#039;https:\/\/rclims.com\/wp-content\/uploads\/2024\/04\/WhatsApp-Image-2024-04-03-at-13.33.34-3.jpeg&#039;)\">\n\n\t\t\t\n\t\t\t\t\t<\/div>\n\t\t\t\t\t\t\t\t<\/div>\n\t\t\t\t\t\t\t\t\t<\/div>\n\t\t\t\t\t\t\t\t\t\t\t\t\t\t\t<div class=\"elementor-swiper-button elementor-swiper-button-prev\" role=\"button\" tabindex=\"0\" aria-label=\"Pr\u00e9c\u00e9dent\">\n\t\t\t\t\t\t\t<svg aria-hidden=\"true\" class=\"e-font-icon-svg e-eicon-chevron-left\" viewBox=\"0 0 1000 1000\" xmlns=\"http:\/\/www.w3.org\/2000\/svg\"><path d=\"M646 125C629 125 613 133 604 142L308 442C296 454 292 471 292 487 292 504 296 521 308 533L604 854C617 867 629 875 646 875 663 875 679 871 692 858 704 846 713 829 713 812 713 796 708 779 692 767L438 487 692 225C700 217 708 204 708 187 708 171 704 154 692 142 675 129 663 125 646 125Z\"><\/path><\/svg>\t\t\t\t\t\t<\/div>\n\t\t\t\t\t\t<div class=\"elementor-swiper-button elementor-swiper-button-next\" role=\"button\" tabindex=\"0\" aria-label=\"Suivant\">\n\t\t\t\t\t\t\t<svg aria-hidden=\"true\" class=\"e-font-icon-svg e-eicon-chevron-right\" viewBox=\"0 0 1000 1000\" xmlns=\"http:\/\/www.w3.org\/2000\/svg\"><path d=\"M696 533C708 521 713 504 713 487 713 471 708 454 696 446L400 146C388 133 375 125 354 125 338 125 325 129 313 142 300 154 292 171 292 187 292 204 296 221 308 233L563 492 304 771C292 783 288 800 288 817 288 833 296 850 308 863 321 871 338 875 354 875 371 875 388 867 400 854L696 533Z\"><\/path><\/svg>\t\t\t\t\t\t<\/div>\n\t\t\t\t\t\t\t\t\t\t\t\t\t\t\t\t<div class=\"swiper-pagination\"><\/div>\n\t\t\t\t\t\t\t\t\t\t\t\t<\/div>\n\t\t\t\t<\/div>\n\t\t\t\t\t\t\t\t<\/div>\n\t\t\t\t<\/div>\n\t\t\t\t\t<\/div>\n\t\t<\/div>\n\t\t\t\t<div class=\"elementor-column elementor-col-50 elementor-top-column elementor-element elementor-element-8da2daf\" data-id=\"8da2daf\" data-element_type=\"column\">\n\t\t\t<div class=\"elementor-widget-wrap elementor-element-populated\">\n\t\t\t\t\t\t<div class=\"elementor-element elementor-element-dbb55a3 elementor-widget elementor-widget-heading\" data-id=\"dbb55a3\" data-element_type=\"widget\" data-widget_type=\"heading.default\">\n\t\t\t\t<div class=\"elementor-widget-container\">\n\t\t\t\t\t<h2 class=\"elementor-heading-title elementor-size-default\"><a href=\"http:\/\/p\">Prenons contact<\/a><\/h2>\t\t\t\t<\/div>\n\t\t\t\t<\/div>\n\t\t\t\t<div class=\"elementor-element elementor-element-089144b elementor-widget-divider--view-line elementor-widget elementor-widget-divider\" data-id=\"089144b\" data-element_type=\"widget\" data-widget_type=\"divider.default\">\n\t\t\t\t<div class=\"elementor-widget-container\">\n\t\t\t\t\t\t\t<div class=\"elementor-divider\">\n\t\t\t<span class=\"elementor-divider-separator\">\n\t\t\t\t\t\t<\/span>\n\t\t<\/div>\n\t\t\t\t\t\t<\/div>\n\t\t\t\t<\/div>\n\t\t\t\t<div class=\"elementor-element elementor-element-d508b00 animated-slow elementor-invisible elementor-widget elementor-widget-text-editor\" data-id=\"d508b00\" data-element_type=\"widget\" data-settings=\"{&quot;_animation&quot;:&quot;fadeIn&quot;,&quot;_animation_delay&quot;:300}\" data-widget_type=\"text-editor.default\">\n\t\t\t\t<div class=\"elementor-widget-container\">\n\t\t\t\t\t\t\t\t\t<p>Pour toutes questions relatives \u00e0 nos services, vous pouvez prendre contact avec nous via ce formulaire.\u00a0<\/p><p>Nous vous r\u00e9pondrons dans les meilleures d\u00e9lais.<\/p>\t\t\t\t\t\t\t\t<\/div>\n\t\t\t\t<\/div>\n\t\t\t\t<section class=\"elementor-section elementor-inner-section elementor-element elementor-element-c847362 elementor-section-boxed elementor-section-height-default elementor-section-height-default\" data-id=\"c847362\" data-element_type=\"section\">\n\t\t\t\t\t\t<div class=\"elementor-container elementor-column-gap-default\">\n\t\t\t\t\t<div class=\"elementor-column elementor-col-100 elementor-inner-column elementor-element elementor-element-ac45b5e animated-slow elementor-invisible\" data-id=\"ac45b5e\" data-element_type=\"column\" data-settings=\"{&quot;background_background&quot;:&quot;classic&quot;,&quot;animation&quot;:&quot;fadeIn&quot;,&quot;animation_delay&quot;:800}\">\n\t\t\t<div class=\"elementor-widget-wrap elementor-element-populated\">\n\t\t\t\t\t\t<div class=\"elementor-element elementor-element-b25aff0 elementor-button-align-stretch elementor-widget elementor-widget-form\" data-id=\"b25aff0\" data-element_type=\"widget\" data-settings=\"{&quot;step_next_label&quot;:&quot;Suivant&quot;,&quot;step_previous_label&quot;:&quot;Pr\\u00e9c\\u00e9dent&quot;,&quot;button_width&quot;:&quot;100&quot;,&quot;step_type&quot;:&quot;number_text&quot;,&quot;step_icon_shape&quot;:&quot;circle&quot;}\" data-widget_type=\"form.default\">\n\t\t\t\t<div class=\"elementor-widget-container\">\n\t\t\t\t\t\t\t<form class=\"elementor-form\" method=\"post\" name=\"Nouveau formulaire\" aria-label=\"Nouveau formulaire\">\n\t\t\t<input type=\"hidden\" name=\"post_id\" value=\"629\"\/>\n\t\t\t<input type=\"hidden\" name=\"form_id\" value=\"b25aff0\"\/>\n\t\t\t<input type=\"hidden\" name=\"referer_title\" value=\"Pays de Gex\" \/>\n\n\t\t\t\t\t\t\t<input type=\"hidden\" name=\"queried_id\" value=\"629\"\/>\n\t\t\t\n\t\t\t<div class=\"elementor-form-fields-wrapper elementor-labels-above\">\n\t\t\t\t\t\t\t\t<div class=\"elementor-field-type-text elementor-field-group elementor-column elementor-field-group-name elementor-col-100\">\n\t\t\t\t\t\t\t\t\t\t\t\t<label for=\"form-field-name\" class=\"elementor-field-label\">\n\t\t\t\t\t\t\t\tNom :\t\t\t\t\t\t\t<\/label>\n\t\t\t\t\t\t\t\t\t\t\t\t\t\t<input size=\"1\" type=\"text\" name=\"form_fields[name]\" id=\"form-field-name\" class=\"elementor-field elementor-size-sm  elementor-field-textual\" placeholder=\"Nom\">\n\t\t\t\t\t\t\t\t\t\t\t<\/div>\n\t\t\t\t\t\t\t\t<div class=\"elementor-field-type-email elementor-field-group elementor-column elementor-field-group-email elementor-col-100 elementor-field-required\">\n\t\t\t\t\t\t\t\t\t\t\t\t<label for=\"form-field-email\" class=\"elementor-field-label\">\n\t\t\t\t\t\t\t\tE-mail :\t\t\t\t\t\t\t<\/label>\n\t\t\t\t\t\t\t\t\t\t\t\t\t\t<input size=\"1\" type=\"email\" name=\"form_fields[email]\" id=\"form-field-email\" class=\"elementor-field elementor-size-sm  elementor-field-textual\" placeholder=\"E-mail\" required=\"required\">\n\t\t\t\t\t\t\t\t\t\t\t<\/div>\n\t\t\t\t\t\t\t\t<div class=\"elementor-field-type-tel elementor-field-group elementor-column elementor-field-group-field_9c287df elementor-col-100 elementor-field-required\">\n\t\t\t\t\t\t\t\t\t\t\t\t<label for=\"form-field-field_9c287df\" class=\"elementor-field-label\">\n\t\t\t\t\t\t\t\tT\u00e9lephone :\t\t\t\t\t\t\t<\/label>\n\t\t\t\t\t\t\t\t<input size=\"1\" type=\"tel\" name=\"form_fields[field_9c287df]\" id=\"form-field-field_9c287df\" class=\"elementor-field elementor-size-sm  elementor-field-textual\" placeholder=\"T\u00e9lephone\" required=\"required\" pattern=\"[0-9()#&amp;+*-=.]+\" title=\"Seuls les caract\u00e8res de num\u00e9ros de t\u00e9l\u00e9phone (#, -, *, etc.) sont accept\u00e9s.\">\n\n\t\t\t\t\t\t<\/div>\n\t\t\t\t\t\t\t\t<div class=\"elementor-field-type-textarea elementor-field-group elementor-column elementor-field-group-message elementor-col-100\">\n\t\t\t\t\t\t\t\t\t\t\t\t<label for=\"form-field-message\" class=\"elementor-field-label\">\n\t\t\t\t\t\t\t\tVotre demande :\t\t\t\t\t\t\t<\/label>\n\t\t\t\t\t\t<textarea class=\"elementor-field-textual elementor-field  elementor-size-sm\" name=\"form_fields[message]\" id=\"form-field-message\" rows=\"4\" placeholder=\"Message\"><\/textarea>\t\t\t\t<\/div>\n\t\t\t\t\t\t\t\t<div class=\"elementor-field-group elementor-column elementor-field-type-submit elementor-col-100 e-form__buttons\">\n\t\t\t\t\t<button class=\"elementor-button elementor-size-sm\" type=\"submit\">\n\t\t\t\t\t\t<span class=\"elementor-button-content-wrapper\">\n\t\t\t\t\t\t\t\t\t\t\t\t\t\t\t\t\t\t\t\t\t\t<span class=\"elementor-button-text\">Envoyer<\/span>\n\t\t\t\t\t\t\t\t\t\t\t\t\t<\/span>\n\t\t\t\t\t<\/button>\n\t\t\t\t<\/div>\n\t\t\t<\/div>\n\t\t<\/form>\n\t\t\t\t\t\t<\/div>\n\t\t\t\t<\/div>\n\t\t\t\t\t<\/div>\n\t\t<\/div>\n\t\t\t\t\t<\/div>\n\t\t<\/section>\n\t\t\t\t\t<\/div>\n\t\t<\/div>\n\t\t\t\t\t<\/div>\n\t\t<\/section>\n\t\t\t\t<\/div>\n\t\t","protected":false},"excerpt":{"rendered":"<p>R&rsquo;CLIMS est votre expert en climatisation r\u00e9versible\u00a0au\u00a0Pays de Gex, offrant des services d&rsquo;installation, d&rsquo;entretien et de d\u00e9pannage de haute qualit\u00e9. Notre \u00e9quipe qualifi\u00e9e s&rsquo;engage \u00e0 fournir des solutions sur mesure pour r\u00e9pondre \u00e0 vos besoins en mati\u00e8re de chauffage et de rafra\u00eechissement tout au long de l&rsquo;ann\u00e9e. Faites confiance \u00e0 R&rsquo;CLIMS pour des syst\u00e8mes fiables [&hellip;]<\/p>\n","protected":false},"author":1,"featured_media":0,"parent":0,"menu_order":0,"comment_status":"closed","ping_status":"closed","template":"","meta":{"footnotes":""},"class_list":["post-629","page","type-page","status-publish","hentry"],"_links":{"self":[{"href":"https:\/\/rclims.com\/index.php?rest_route=\/wp\/v2\/pages\/629","targetHints":{"allow":["GET"]}}],"collection":[{"href":"https:\/\/rclims.com\/index.php?rest_route=\/wp\/v2\/pages"}],"about":[{"href":"https:\/\/rclims.com\/index.php?rest_route=\/wp\/v2\/types\/page"}],"author":[{"embeddable":true,"href":"https:\/\/rclims.com\/index.php?rest_route=\/wp\/v2\/users\/1"}],"replies":[{"embeddable":true,"href":"https:\/\/rclims.com\/index.php?rest_route=%2Fwp%2Fv2%2Fcomments&post=629"}],"version-history":[{"count":4,"href":"https:\/\/rclims.com\/index.php?rest_route=\/wp\/v2\/pages\/629\/revisions"}],"predecessor-version":[{"id":633,"href":"https:\/\/rclims.com\/index.php?rest_route=\/wp\/v2\/pages\/629\/revisions\/633"}],"wp:attachment":[{"href":"https:\/\/rclims.com\/index.php?rest_route=%2Fwp%2Fv2%2Fmedia&parent=629"}],"curies":[{"name":"wp","href":"https:\/\/api.w.org\/{rel}","templated":true}]}}