{"id":187,"date":"2024-04-01T19:32:57","date_gmt":"2024-04-01T17:32:57","guid":{"rendered":"https:\/\/rclims.com\/?page_id=187"},"modified":"2024-04-15T23:29:35","modified_gmt":"2024-04-15T21:29:35","slug":"maintenance-depannage","status":"publish","type":"page","link":"https:\/\/rclims.com\/?page_id=187","title":{"rendered":"Maintenance &#038; D\u00e9pannage"},"content":{"rendered":"\t\t<div data-elementor-type=\"wp-page\" data-elementor-id=\"187\" class=\"elementor elementor-187\" data-elementor-post-type=\"page\">\n\t\t\t\t\t\t<section class=\"elementor-section elementor-top-section elementor-element elementor-element-379221b elementor-section-boxed elementor-section-height-default elementor-section-height-default\" data-id=\"379221b\" data-element_type=\"section\" data-e-type=\"section\" data-settings=\"{&quot;background_background&quot;:&quot;classic&quot;}\">\n\t\t\t\t\t\t\t<div class=\"elementor-background-overlay\"><\/div>\n\t\t\t\t\t\t\t<div class=\"elementor-container elementor-column-gap-default\">\n\t\t\t\t\t<div class=\"elementor-column elementor-col-100 elementor-top-column elementor-element elementor-element-7d9604b\" data-id=\"7d9604b\" data-element_type=\"column\" data-e-type=\"column\">\n\t\t\t<div class=\"elementor-widget-wrap elementor-element-populated\">\n\t\t\t\t\t\t<div class=\"elementor-element elementor-element-6295045 elementor-widget elementor-widget-heading\" data-id=\"6295045\" data-element_type=\"widget\" data-e-type=\"widget\" data-widget_type=\"heading.default\">\n\t\t\t\t<div class=\"elementor-widget-container\">\n\t\t\t\t\t<h1 class=\"elementor-heading-title elementor-size-default\">Installation<\/h1>\t\t\t\t<\/div>\n\t\t\t\t<\/div>\n\t\t\t\t\t<\/div>\n\t\t<\/div>\n\t\t\t\t\t<\/div>\n\t\t<\/section>\n\t\t\t\t<section class=\"elementor-section elementor-top-section elementor-element elementor-element-6d430e3 elementor-section-boxed elementor-section-height-default elementor-section-height-default\" data-id=\"6d430e3\" data-element_type=\"section\" data-e-type=\"section\">\n\t\t\t\t\t\t<div class=\"elementor-container elementor-column-gap-default\">\n\t\t\t\t\t<div class=\"elementor-column elementor-col-100 elementor-top-column elementor-element elementor-element-8c8bede\" data-id=\"8c8bede\" data-element_type=\"column\" data-e-type=\"column\">\n\t\t\t<div class=\"elementor-widget-wrap elementor-element-populated\">\n\t\t\t\t\t\t<div class=\"elementor-element elementor-element-fbdc863 elementor-widget elementor-widget-jkit_heading\" data-id=\"fbdc863\" data-element_type=\"widget\" data-e-type=\"widget\" data-widget_type=\"jkit_heading.default\">\n\t\t\t\t<div class=\"elementor-widget-container\">\n\t\t\t\t\t<div  class=\"jeg-elementor-kit jkit-heading  align-center align-tablet-center align-mobile- jeg_module___69f1f3b038abd\" ><div class=\"heading-section-title  display-inline-block\"><h1 class=\"heading-title\"><span class=\"style-gradient\"><span>Maintenance &amp; D\u00e9pannage<\/span><\/span> de climatisation r\u00e9versible<\/h1><\/div><\/div>\t\t\t\t<\/div>\n\t\t\t\t<\/div>\n\t\t\t\t<div class=\"elementor-element elementor-element-fc2d5b5 animated-slow elementor-invisible elementor-widget elementor-widget-heading\" data-id=\"fc2d5b5\" data-element_type=\"widget\" data-e-type=\"widget\" data-settings=\"{&quot;_animation&quot;:&quot;slideInLeft&quot;}\" data-widget_type=\"heading.default\">\n\t\t\t\t<div class=\"elementor-widget-container\">\n\t\t\t\t\t<h2 class=\"elementor-heading-title elementor-size-default\">R'CLIMS : Votre Partenaire de Confiance pour le D\u00e9pannage de Climatisation R\u00e9versible \u00e0 Bourg-en-Bresse\n\n<\/h2>\t\t\t\t<\/div>\n\t\t\t\t<\/div>\n\t\t\t\t<div class=\"elementor-element elementor-element-42727a6 animated-slow elementor-invisible elementor-widget elementor-widget-text-editor\" data-id=\"42727a6\" data-element_type=\"widget\" data-e-type=\"widget\" data-settings=\"{&quot;_animation&quot;:&quot;fadeIn&quot;}\" data-widget_type=\"text-editor.default\">\n\t\t\t\t<div class=\"elementor-widget-container\">\n\t\t\t\t\t\t\t\t\t<p>Quand votre syst\u00e8me de climatisation r\u00e9versible rencontre des probl\u00e8mes, cela peut rapidement devenir une source de stress, surtout lorsque les temp\u00e9ratures atteignent des niveaux extr\u00eames. Heureusement, \u00e0 Bourg-en-Bresse, l&rsquo;entreprise R&rsquo;CLIMS offre un service de maintenance, d&rsquo;entretien et de d\u00e9pannage de climatisation r\u00e9versible rapide, fiable et professionnel pour vous aider \u00e0 retrouver le confort de votre maison ou de votre entreprise en un rien de temps.<\/p>\t\t\t\t\t\t\t\t<\/div>\n\t\t\t\t<\/div>\n\t\t\t\t<div class=\"elementor-element elementor-element-045881f animated-slow elementor-invisible elementor-widget elementor-widget-heading\" data-id=\"045881f\" data-element_type=\"widget\" data-e-type=\"widget\" data-settings=\"{&quot;_animation&quot;:&quot;slideInLeft&quot;}\" data-widget_type=\"heading.default\">\n\t\t\t\t<div class=\"elementor-widget-container\">\n\t\t\t\t\t<h2 class=\"elementor-heading-title elementor-size-default\">Une R\u00e9ponse Rapide\n\n<\/h2>\t\t\t\t<\/div>\n\t\t\t\t<\/div>\n\t\t\t\t<div class=\"elementor-element elementor-element-bafdd64 animated-slow elementor-invisible elementor-widget elementor-widget-text-editor\" data-id=\"bafdd64\" data-element_type=\"widget\" data-e-type=\"widget\" data-settings=\"{&quot;_animation&quot;:&quot;fadeIn&quot;}\" data-widget_type=\"text-editor.default\">\n\t\t\t\t<div class=\"elementor-widget-container\">\n\t\t\t\t\t\t\t\t\t<p>Chez R&rsquo;CLIMS, nous comprennent que les pannes de climatisation peuvent survenir \u00e0 tout moment, et c&rsquo;est pourquoi nous nous engageons \u00e0 fournir une r\u00e9ponse rapide \u00e0 chaque appel de d\u00e9pannage. Notre \u00e9quipe r\u00e9active est pr\u00eate \u00e0 intervenir d\u00e8s que possible pour diagnostiquer et r\u00e9soudre le probl\u00e8me, minimisant ainsi les d\u00e9sagr\u00e9ments pour nos clients.<\/p>\t\t\t\t\t\t\t\t<\/div>\n\t\t\t\t<\/div>\n\t\t\t\t<div class=\"elementor-element elementor-element-089a7a5 animated-slow elementor-invisible elementor-widget elementor-widget-heading\" data-id=\"089a7a5\" data-element_type=\"widget\" data-e-type=\"widget\" data-settings=\"{&quot;_animation&quot;:&quot;slideInLeft&quot;}\" data-widget_type=\"heading.default\">\n\t\t\t\t<div class=\"elementor-widget-container\">\n\t\t\t\t\t<h2 class=\"elementor-heading-title elementor-size-default\">Service Client Exceptionnel\n\n\n<\/h2>\t\t\t\t<\/div>\n\t\t\t\t<\/div>\n\t\t\t\t<div class=\"elementor-element elementor-element-f192d5c animated-slow elementor-invisible elementor-widget elementor-widget-text-editor\" data-id=\"f192d5c\" data-element_type=\"widget\" data-e-type=\"widget\" data-settings=\"{&quot;_animation&quot;:&quot;fadeIn&quot;}\" data-widget_type=\"text-editor.default\">\n\t\t\t\t<div class=\"elementor-widget-container\">\n\t\t\t\t\t\t\t\t\t<p>Chez R&rsquo;CLIMS, nous croyons en l&rsquo;importance d&rsquo;un excellent service client, m\u00eame dans des situations d&rsquo;urgence. Notre \u00e9quipe amicale et professionnelle est toujours pr\u00eate \u00e0 \u00e9couter vos pr\u00e9occupations, \u00e0 r\u00e9pondre \u00e0 vos questions et \u00e0 vous fournir des mises \u00e0 jour r\u00e9guli\u00e8res sur l&rsquo;\u00e9tat de nos d\u00e9pannage. Nous travaillons en \u00e9troite collaboration avec nos clients pour s&rsquo;assurer que toutes vos attentes soient d\u00e9pass\u00e9es.<\/p><p>\u00a0<\/p>\t\t\t\t\t\t\t\t<\/div>\n\t\t\t\t<\/div>\n\t\t\t\t<div class=\"elementor-element elementor-element-7e553c5 animated-slow elementor-invisible elementor-widget elementor-widget-heading\" data-id=\"7e553c5\" data-element_type=\"widget\" data-e-type=\"widget\" data-settings=\"{&quot;_animation&quot;:&quot;slideInLeft&quot;}\" data-widget_type=\"heading.default\">\n\t\t\t\t<div class=\"elementor-widget-container\">\n\t\t\t\t\t<h2 class=\"elementor-heading-title elementor-size-default\">Transparence et Int\u00e9grit\u00e9\n\n<\/h2>\t\t\t\t<\/div>\n\t\t\t\t<\/div>\n\t\t\t\t<div class=\"elementor-element elementor-element-81a2918 animated-slow elementor-invisible elementor-widget elementor-widget-text-editor\" data-id=\"81a2918\" data-element_type=\"widget\" data-e-type=\"widget\" data-settings=\"{&quot;_animation&quot;:&quot;fadeIn&quot;}\" data-widget_type=\"text-editor.default\">\n\t\t\t\t<div class=\"elementor-widget-container\">\n\t\t\t\t\t\t\t\t\t<p>Lorsqu&rsquo;il s&rsquo;agit de d\u00e9panner votre syst\u00e8me de climatisation r\u00e9versible, R&rsquo;CLIMS croit en la transparence totale et l&rsquo;int\u00e9grit\u00e9. Avant de proc\u00e9der \u00e0 toute r\u00e9paration, notre \u00e9quipe explique clairement les probl\u00e8mes identifi\u00e9s et propose des solutions avec des devis d\u00e9taill\u00e9s. Nous nous engageons \u00e0 fournir un service honn\u00eate et \u00e9quitable, sans frais cach\u00e9s ni surprises d\u00e9sagr\u00e9ables.<\/p>\t\t\t\t\t\t\t\t<\/div>\n\t\t\t\t<\/div>\n\t\t\t\t<div class=\"elementor-element elementor-element-408f541 animated-slow elementor-invisible elementor-widget elementor-widget-heading\" data-id=\"408f541\" data-element_type=\"widget\" data-e-type=\"widget\" data-settings=\"{&quot;_animation&quot;:&quot;slideInLeft&quot;}\" data-widget_type=\"heading.default\">\n\t\t\t\t<div class=\"elementor-widget-container\">\n\t\t\t\t\t<h2 class=\"elementor-heading-title elementor-size-default\">Pr\u00e9vention des Pannes Futures\n\n<\/h2>\t\t\t\t<\/div>\n\t\t\t\t<\/div>\n\t\t\t\t<div class=\"elementor-element elementor-element-0055830 elementor-hidden-tablet elementor-widget elementor-widget-text-editor\" data-id=\"0055830\" data-element_type=\"widget\" data-e-type=\"widget\" data-widget_type=\"text-editor.default\">\n\t\t\t\t<div class=\"elementor-widget-container\">\n\t\t\t\t\t\t\t\t\t<p>En plus de r\u00e9soudre les probl\u00e8mes imm\u00e9diats, R&rsquo;CLIMS propose \u00e9galement des conseils d&rsquo;entretien et des recommandations pour pr\u00e9venir les pannes futures de votre syst\u00e8me de climatisation r\u00e9versible. Notre objectif est de vous aider \u00e0 prolonger la dur\u00e9e de vie de votre \u00e9quipement et \u00e0 maintenir des performances optimales tout au long de l&rsquo;ann\u00e9e.<\/p>\t\t\t\t\t\t\t\t<\/div>\n\t\t\t\t<\/div>\n\t\t\t\t<div class=\"elementor-element elementor-element-c3a3ed9 animated-slow elementor-invisible elementor-widget elementor-widget-heading\" data-id=\"c3a3ed9\" data-element_type=\"widget\" data-e-type=\"widget\" data-settings=\"{&quot;_animation&quot;:&quot;slideInLeft&quot;}\" data-widget_type=\"heading.default\">\n\t\t\t\t<div class=\"elementor-widget-container\">\n\t\t\t\t\t<h2 class=\"elementor-heading-title elementor-size-default\">Conclusion\n\n<\/h2>\t\t\t\t<\/div>\n\t\t\t\t<\/div>\n\t\t\t\t<div class=\"elementor-element elementor-element-f1e4234 animated-slow elementor-invisible elementor-widget elementor-widget-text-editor\" data-id=\"f1e4234\" data-element_type=\"widget\" data-e-type=\"widget\" data-settings=\"{&quot;_animation&quot;:&quot;fadeIn&quot;}\" data-widget_type=\"text-editor.default\">\n\t\t\t\t<div class=\"elementor-widget-container\">\n\t\t\t\t\t\t\t\t\t<p>Pour un service de d\u00e9pannage de climatisation r\u00e9versible rapide, fiable et professionnel \u00e0 Bourg-en-Bresse, R&rsquo;CLIMS est l&rsquo;entreprise \u00e0 contacter. Notre expertise technique, notre service client exceptionnel et notre engagement envers la transparence et l&rsquo;int\u00e9grit\u00e9 font de R&rsquo;CLIMS le partenaire id\u00e9al pour tous vos besoins en d\u00e9pannage de climatisation. Avec R&rsquo;CLIMS, vous pouvez avoir la tranquillit\u00e9 d&rsquo;esprit que votre confort est entre de bonnes mains, m\u00eame dans les situations les plus stressantes.<\/p>\t\t\t\t\t\t\t\t<\/div>\n\t\t\t\t<\/div>\n\t\t\t\t<div class=\"elementor-element elementor-element-e5c036b animated-slow elementor-widget__width-auto elementor-invisible elementor-widget elementor-widget-button\" data-id=\"e5c036b\" data-element_type=\"widget\" data-e-type=\"widget\" data-settings=\"{&quot;_animation&quot;:&quot;fadeIn&quot;,&quot;_animation_delay&quot;:900}\" data-widget_type=\"button.default\">\n\t\t\t\t<div class=\"elementor-widget-container\">\n\t\t\t\t\t\t\t\t\t<div class=\"elementor-button-wrapper\">\n\t\t\t\t\t<a class=\"elementor-button elementor-button-link elementor-size-sm elementor-animation-grow\" href=\"https:\/\/rclims.com\">\n\t\t\t\t\t\t<span class=\"elementor-button-content-wrapper\">\n\t\t\t\t\t\t<span class=\"elementor-button-icon\">\n\t\t\t\t<svg aria-hidden=\"true\" class=\"e-font-icon-svg e-fas-arrow-circle-left\" viewBox=\"0 0 512 512\" xmlns=\"http:\/\/www.w3.org\/2000\/svg\"><path d=\"M256 504C119 504 8 393 8 256S119 8 256 8s248 111 248 248-111 248-248 248zm28.9-143.6L209.4 288H392c13.3 0 24-10.7 24-24v-16c0-13.3-10.7-24-24-24H209.4l75.5-72.4c9.7-9.3 9.9-24.8.4-34.3l-11-10.9c-9.4-9.4-24.6-9.4-33.9 0L107.7 239c-9.4 9.4-9.4 24.6 0 33.9l132.7 132.7c9.4 9.4 24.6 9.4 33.9 0l11-10.9c9.5-9.5 9.3-25-.4-34.3z\"><\/path><\/svg>\t\t\t<\/span>\n\t\t\t\t\t\t\t\t\t<span class=\"elementor-button-text\">Retour \u00e0 l'acceuil<\/span>\n\t\t\t\t\t<\/span>\n\t\t\t\t\t<\/a>\n\t\t\t\t<\/div>\n\t\t\t\t\t\t\t\t<\/div>\n\t\t\t\t<\/div>\n\t\t\t\t\t<\/div>\n\t\t<\/div>\n\t\t\t\t\t<\/div>\n\t\t<\/section>\n\t\t\t\t<\/div>\n\t\t","protected":false},"excerpt":{"rendered":"<p>Installation Maintenance &amp; D\u00e9pannage de climatisation r\u00e9versible R&rsquo;CLIMS : Votre Partenaire de Confiance pour le D\u00e9pannage de Climatisation R\u00e9versible \u00e0 Bourg-en-Bresse Quand votre syst\u00e8me de climatisation r\u00e9versible rencontre des probl\u00e8mes, cela peut rapidement devenir une source de stress, surtout lorsque les temp\u00e9ratures atteignent des niveaux extr\u00eames. Heureusement, \u00e0 Bourg-en-Bresse, l&rsquo;entreprise R&rsquo;CLIMS offre un service de [&hellip;]<\/p>\n","protected":false},"author":1,"featured_media":0,"parent":0,"menu_order":0,"comment_status":"closed","ping_status":"closed","template":"elementor_header_footer","meta":{"footnotes":""},"class_list":["post-187","page","type-page","status-publish","hentry"],"_links":{"self":[{"href":"https:\/\/rclims.com\/index.php?rest_route=\/wp\/v2\/pages\/187","targetHints":{"allow":["GET"]}}],"collection":[{"href":"https:\/\/rclims.com\/index.php?rest_route=\/wp\/v2\/pages"}],"about":[{"href":"https:\/\/rclims.com\/index.php?rest_route=\/wp\/v2\/types\/page"}],"author":[{"embeddable":true,"href":"https:\/\/rclims.com\/index.php?rest_route=\/wp\/v2\/users\/1"}],"replies":[{"embeddable":true,"href":"https:\/\/rclims.com\/index.php?rest_route=%2Fwp%2Fv2%2Fcomments&post=187"}],"version-history":[{"count":19,"href":"https:\/\/rclims.com\/index.php?rest_route=\/wp\/v2\/pages\/187\/revisions"}],"predecessor-version":[{"id":559,"href":"https:\/\/rclims.com\/index.php?rest_route=\/wp\/v2\/pages\/187\/revisions\/559"}],"wp:attachment":[{"href":"https:\/\/rclims.com\/index.php?rest_route=%2Fwp%2Fv2%2Fmedia&parent=187"}],"curies":[{"name":"wp","href":"https:\/\/api.w.org\/{rel}","templated":true}]}}